{"id":324,"date":"2024-10-21T11:44:28","date_gmt":"2024-10-21T09:44:28","guid":{"rendered":"http:\/\/torretaolius.com\/politique-dannulation\/"},"modified":"2024-10-21T11:44:28","modified_gmt":"2024-10-21T09:44:28","slug":"politique-dannulation","status":"publish","type":"page","link":"https:\/\/torretaolius.com\/fr\/politique-dannulation\/","title":{"rendered":"Politique d&rsquo;annulation"},"content":{"rendered":"<p>Derni\u00e8re mise \u00e0 jour&nbsp;:  [2025]<\/p>\n<p>\u00c0 \u00ab\u00a0La Torreta d&rsquo;Olius\u00a0\u00bb, nous comprenons que des \u00e9v\u00e9nements impr\u00e9vus peuvent survenir et qu&rsquo;il est parfois n\u00e9cessaire d&rsquo;annuler ou de modifier une r\u00e9servation. Notre politique d&rsquo;annulation est con\u00e7ue pour \u00eatre \u00e9quitable envers vous et nous.<\/p>\n<h3>1. Annulation gratuite<\/h3>\n<ul>\n<li><strong>Annulations jusqu&rsquo;\u00e0 15 jours avant l&rsquo;arriv\u00e9e<\/strong> : Vous pouvez annuler votre r\u00e9servation sans frais jusqu&rsquo;\u00e0 15 jours avant la date d&rsquo;arriv\u00e9e.<\/li>\n<li><strong>Annulations moins de 15 jours \u00e0 l&rsquo;avance<\/strong> : Dans ce cas, aucun montant ne sera rembours\u00e9 mais le r\u00e8glement et la signature seront conserv\u00e9s afin que vous puissiez venir un autre week-end de l&rsquo;ann\u00e9e en cours. Il expirera \u00e0 la fin de l&rsquo;ann\u00e9e en cours.<\/li>\n<\/ul>\n<h3>2. Aucune pr\u00e9sentation<\/h3>\n<p>En cas de non-pr\u00e9sentation le jour de l&rsquo;arriv\u00e9e sans notification pr\u00e9alable, 100% du montant de la r\u00e9servation sera factur\u00e9.<\/p>\n<h3>3. Changements de dates<\/h3>\n<p>Vous pouvez demander un changement de dates jusqu&rsquo;\u00e0 15 jours avant votre arriv\u00e9e, toujours sous r\u00e9serve de disponibilit\u00e9.<br \/>\nSi le changement de dates concerne une saison avec un tarif diff\u00e9rent, la diff\u00e9rence de prix correspondante s&rsquo;appliquera.<\/p>\n<h3>4. Remboursements<\/h3>\n<p>En cas d&rsquo;annulation, les remboursements seront effectu\u00e9s en utilisant le m\u00eame mode de paiement que celui utilis\u00e9 lors de la r\u00e9servation et le traitement peut prendre 10 \u00e0 15 jours ouvrables.<\/p>\n<h3>5. Contact pour les annulations et les modifications<\/h3>\n<p>Pour annuler ou modifier votre r\u00e9servation, contactez-nous directement \u00e0 info@torretaolius.com ou en appelant via WhatsApp au 678434301.<\/p>\n","protected":false},"excerpt":{"rendered":"<p>Derni\u00e8re mise \u00e0 jour&nbsp;: [2025] \u00c0 \u00ab\u00a0La Torreta d&rsquo;Olius\u00a0\u00bb, nous comprenons que des \u00e9v\u00e9nements impr\u00e9vus peuvent survenir et qu&rsquo;il est parfois n\u00e9cessaire d&rsquo;annuler ou de modifier une r\u00e9servation. Notre politique d&rsquo;annulation est con\u00e7ue pour \u00eatre \u00e9quitable envers vous et nous. 1. Annulation gratuite Annulations jusqu&rsquo;\u00e0 15 jours avant l&rsquo;arriv\u00e9e : Vous pouvez annuler votre r\u00e9servation [&hellip;]<\/p>\n","protected":false},"author":1,"featured_media":0,"parent":0,"menu_order":8,"comment_status":"closed","ping_status":"closed","template":"page-legal.php","meta":{"_acf_changed":false,"footnotes":""},"class_list":["post-324","page","type-page","status-publish","hentry"],"acf":[],"yoast_head":"<!-- This site is optimized with the Yoast SEO plugin v24.2 - https:\/\/yoast.com\/wordpress\/plugins\/seo\/ -->\n<title>Politique d&#039;annulation - La Torreta d&#039;Olius<\/title>\n<meta name=\"robots\" content=\"index, follow, max-snippet:-1, max-image-preview:large, max-video-preview:-1\" \/>\n<link rel=\"canonical\" href=\"https:\/\/torretaolius.com\/fr\/politique-dannulation\/\" \/>\n<meta property=\"og:locale\" content=\"fr_FR\" \/>\n<meta property=\"og:type\" content=\"article\" \/>\n<meta property=\"og:title\" content=\"Politique d&#039;annulation - La Torreta d&#039;Olius\" \/>\n<meta property=\"og:description\" content=\"Derni\u00e8re mise \u00e0 jour&nbsp;: [2025] \u00c0 \u00ab\u00a0La Torreta d&rsquo;Olius\u00a0\u00bb, nous comprenons que des \u00e9v\u00e9nements impr\u00e9vus peuvent survenir et qu&rsquo;il est parfois n\u00e9cessaire d&rsquo;annuler ou de modifier une r\u00e9servation. Notre politique d&rsquo;annulation est con\u00e7ue pour \u00eatre \u00e9quitable envers vous et nous. 1. Annulation gratuite Annulations jusqu&rsquo;\u00e0 15 jours avant l&rsquo;arriv\u00e9e : Vous pouvez annuler votre r\u00e9servation [&hellip;]\" \/>\n<meta property=\"og:url\" content=\"https:\/\/torretaolius.com\/fr\/politique-dannulation\/\" \/>\n<meta property=\"og:site_name\" content=\"La Torreta d&#039;Olius\" \/>\n<meta name=\"twitter:card\" content=\"summary_large_image\" \/>\n<meta name=\"twitter:label1\" content=\"Dur\u00e9e de lecture estim\u00e9e\" \/>\n\t<meta name=\"twitter:data1\" content=\"1 minute\" \/>\n<script type=\"application\/ld+json\" class=\"yoast-schema-graph\">{\"@context\":\"https:\/\/schema.org\",\"@graph\":[{\"@type\":\"WebPage\",\"@id\":\"https:\/\/torretaolius.com\/fr\/politique-dannulation\/\",\"url\":\"https:\/\/torretaolius.com\/fr\/politique-dannulation\/\",\"name\":\"Politique d'annulation - La Torreta d&#039;Olius\",\"isPartOf\":{\"@id\":\"https:\/\/torretaolius.com\/fr\/#website\"},\"datePublished\":\"2024-10-21T09:44:28+00:00\",\"dateModified\":\"2024-10-21T09:44:28+00:00\",\"breadcrumb\":{\"@id\":\"https:\/\/torretaolius.com\/fr\/politique-dannulation\/#breadcrumb\"},\"inLanguage\":\"fr-FR\",\"potentialAction\":[{\"@type\":\"ReadAction\",\"target\":[\"https:\/\/torretaolius.com\/fr\/politique-dannulation\/\"]}]},{\"@type\":\"BreadcrumbList\",\"@id\":\"https:\/\/torretaolius.com\/fr\/politique-dannulation\/#breadcrumb\",\"itemListElement\":[{\"@type\":\"ListItem\",\"position\":1,\"name\":\"Inici\",\"item\":\"https:\/\/torretaolius.com\/fr\/page-de-garde\/\"},{\"@type\":\"ListItem\",\"position\":2,\"name\":\"Politique d&#8217;annulation\"}]},{\"@type\":\"WebSite\",\"@id\":\"https:\/\/torretaolius.com\/fr\/#website\",\"url\":\"https:\/\/torretaolius.com\/fr\/\",\"name\":\"La Torreta d'Olius\",\"description\":\"\",\"publisher\":{\"@id\":\"https:\/\/torretaolius.com\/fr\/#organization\"},\"potentialAction\":[{\"@type\":\"SearchAction\",\"target\":{\"@type\":\"EntryPoint\",\"urlTemplate\":\"https:\/\/torretaolius.com\/fr\/?s={search_term_string}\"},\"query-input\":{\"@type\":\"PropertyValueSpecification\",\"valueRequired\":true,\"valueName\":\"search_term_string\"}}],\"inLanguage\":\"fr-FR\"},{\"@type\":\"Organization\",\"@id\":\"https:\/\/torretaolius.com\/fr\/#organization\",\"name\":\"La Torreta d'Olius\",\"url\":\"https:\/\/torretaolius.com\/fr\/\",\"logo\":{\"@type\":\"ImageObject\",\"inLanguage\":\"fr-FR\",\"@id\":\"https:\/\/torretaolius.com\/fr\/#\/schema\/logo\/image\/\",\"url\":\"https:\/\/torretaolius.com\/wp-content\/uploads\/2024\/10\/site-logo-extendedpng.png\",\"contentUrl\":\"https:\/\/torretaolius.com\/wp-content\/uploads\/2024\/10\/site-logo-extendedpng.png\",\"width\":1390,\"height\":1311,\"caption\":\"La Torreta d'Olius\"},\"image\":{\"@id\":\"https:\/\/torretaolius.com\/fr\/#\/schema\/logo\/image\/\"}}]}<\/script>\n<!-- \/ Yoast SEO plugin. -->","yoast_head_json":{"title":"Politique d'annulation - La Torreta d&#039;Olius","robots":{"index":"index","follow":"follow","max-snippet":"max-snippet:-1","max-image-preview":"max-image-preview:large","max-video-preview":"max-video-preview:-1"},"canonical":"https:\/\/torretaolius.com\/fr\/politique-dannulation\/","og_locale":"fr_FR","og_type":"article","og_title":"Politique d'annulation - La Torreta d&#039;Olius","og_description":"Derni\u00e8re mise \u00e0 jour&nbsp;: [2025] \u00c0 \u00ab\u00a0La Torreta d&rsquo;Olius\u00a0\u00bb, nous comprenons que des \u00e9v\u00e9nements impr\u00e9vus peuvent survenir et qu&rsquo;il est parfois n\u00e9cessaire d&rsquo;annuler ou de modifier une r\u00e9servation. Notre politique d&rsquo;annulation est con\u00e7ue pour \u00eatre \u00e9quitable envers vous et nous. 1. Annulation gratuite Annulations jusqu&rsquo;\u00e0 15 jours avant l&rsquo;arriv\u00e9e : Vous pouvez annuler votre r\u00e9servation [&hellip;]","og_url":"https:\/\/torretaolius.com\/fr\/politique-dannulation\/","og_site_name":"La Torreta d&#039;Olius","twitter_card":"summary_large_image","twitter_misc":{"Dur\u00e9e de lecture estim\u00e9e":"1 minute"},"schema":{"@context":"https:\/\/schema.org","@graph":[{"@type":"WebPage","@id":"https:\/\/torretaolius.com\/fr\/politique-dannulation\/","url":"https:\/\/torretaolius.com\/fr\/politique-dannulation\/","name":"Politique d'annulation - La Torreta d&#039;Olius","isPartOf":{"@id":"https:\/\/torretaolius.com\/fr\/#website"},"datePublished":"2024-10-21T09:44:28+00:00","dateModified":"2024-10-21T09:44:28+00:00","breadcrumb":{"@id":"https:\/\/torretaolius.com\/fr\/politique-dannulation\/#breadcrumb"},"inLanguage":"fr-FR","potentialAction":[{"@type":"ReadAction","target":["https:\/\/torretaolius.com\/fr\/politique-dannulation\/"]}]},{"@type":"BreadcrumbList","@id":"https:\/\/torretaolius.com\/fr\/politique-dannulation\/#breadcrumb","itemListElement":[{"@type":"ListItem","position":1,"name":"Inici","item":"https:\/\/torretaolius.com\/fr\/page-de-garde\/"},{"@type":"ListItem","position":2,"name":"Politique d&#8217;annulation"}]},{"@type":"WebSite","@id":"https:\/\/torretaolius.com\/fr\/#website","url":"https:\/\/torretaolius.com\/fr\/","name":"La Torreta d'Olius","description":"","publisher":{"@id":"https:\/\/torretaolius.com\/fr\/#organization"},"potentialAction":[{"@type":"SearchAction","target":{"@type":"EntryPoint","urlTemplate":"https:\/\/torretaolius.com\/fr\/?s={search_term_string}"},"query-input":{"@type":"PropertyValueSpecification","valueRequired":true,"valueName":"search_term_string"}}],"inLanguage":"fr-FR"},{"@type":"Organization","@id":"https:\/\/torretaolius.com\/fr\/#organization","name":"La Torreta d'Olius","url":"https:\/\/torretaolius.com\/fr\/","logo":{"@type":"ImageObject","inLanguage":"fr-FR","@id":"https:\/\/torretaolius.com\/fr\/#\/schema\/logo\/image\/","url":"https:\/\/torretaolius.com\/wp-content\/uploads\/2024\/10\/site-logo-extendedpng.png","contentUrl":"https:\/\/torretaolius.com\/wp-content\/uploads\/2024\/10\/site-logo-extendedpng.png","width":1390,"height":1311,"caption":"La Torreta d'Olius"},"image":{"@id":"https:\/\/torretaolius.com\/fr\/#\/schema\/logo\/image\/"}}]}},"_links":{"self":[{"href":"https:\/\/torretaolius.com\/fr\/wp-json\/wp\/v2\/pages\/324"}],"collection":[{"href":"https:\/\/torretaolius.com\/fr\/wp-json\/wp\/v2\/pages"}],"about":[{"href":"https:\/\/torretaolius.com\/fr\/wp-json\/wp\/v2\/types\/page"}],"author":[{"embeddable":true,"href":"https:\/\/torretaolius.com\/fr\/wp-json\/wp\/v2\/users\/1"}],"replies":[{"embeddable":true,"href":"https:\/\/torretaolius.com\/fr\/wp-json\/wp\/v2\/comments?post=324"}],"version-history":[{"count":0,"href":"https:\/\/torretaolius.com\/fr\/wp-json\/wp\/v2\/pages\/324\/revisions"}],"wp:attachment":[{"href":"https:\/\/torretaolius.com\/fr\/wp-json\/wp\/v2\/media?parent=324"}],"curies":[{"name":"wp","href":"https:\/\/api.w.org\/{rel}","templated":true}]}}