{"id":320,"date":"2024-10-21T11:44:16","date_gmt":"2024-10-21T09:44:16","guid":{"rendered":"http:\/\/torretaolius.com\/politique-de-cookies\/"},"modified":"2024-12-19T19:00:43","modified_gmt":"2024-12-19T17:00:43","slug":"politique-de-cookies","status":"publish","type":"page","link":"https:\/\/torretaolius.com\/fr\/politique-de-cookies\/","title":{"rendered":"Politique de cookies"},"content":{"rendered":"<p>Derni\u00e8re mise \u00e0 jour&nbsp;:  [2025]<\/p>\n<p>Bienvenue \u00e0 \u00ab\u00a0La Torreta d&rsquo;Olius\u00a0\u00bb ! Cette politique en mati\u00e8re de cookies explique ce que sont les cookies et comment nous les utilisons sur notre site Web pour vous offrir une exp\u00e9rience plus personnalis\u00e9e et am\u00e9liorer nos services.<\/p>\n<h3>Que sont les cookies ?<\/h3>\n<p>Les cookies sont de petits fichiers texte enregistr\u00e9s dans votre navigateur lorsque vous visitez une page Web. Ils servent \u00e0 reconna\u00eetre votre visite, \u00e0 m\u00e9moriser vos pr\u00e9f\u00e9rences et \u00e0 faciliter la navigation. Les cookies peuvent \u00eatre les n\u00f4tres (provenant de notre site Internet) ou ceux de tiers.<\/p>\n<h3>Pourquoi utilisons-nous des cookies ?<\/h3>\n<p>Sur notre site Web, nous utilisons des cookies \u00e0 diverses fins, notamment :<\/p>\n<ul>\n<li><strong>Cookies n\u00e9cessaires<\/strong> : Ces cookies sont indispensables au fonctionnement du site internet et permettent d&rsquo;acc\u00e9der \u00e0 des espaces s\u00e9curis\u00e9s, comme les formulaires de r\u00e9servation.<\/li>\n<li><strong>Cookies de pr\u00e9f\u00e9rence<\/strong> : Ils m\u00e9morisent vos choix (langue, pr\u00e9f\u00e9rences de visualisation, etc.) pour vous proposer une exp\u00e9rience plus personnalis\u00e9e.<\/li>\n<li><strong>Cookies analytiques<\/strong> : Ils nous aident \u00e0 comprendre comment les utilisateurs interagissent avec notre site Web, quelles sections ils visitent le plus, et ainsi pouvoir am\u00e9liorer le site. Nous utilisons Google Analytics pour collecter ces informations de mani\u00e8re anonyme.<\/li>\n<li><strong>Cookies marketing<\/strong> : Nous utilisons ces cookies pour afficher des publicit\u00e9s susceptibles de vous int\u00e9resser, en fonction de vos visites pr\u00e9c\u00e9dentes sur notre site Web et d&rsquo;autres sites.<\/li>\n<\/ul>\n<h3>Types de cookies que nous utilisons<\/h3>\n<div class=\"cky-audit-table-element\"><\/div>\n<div class=\"cky-audit-table-element\"><\/div>\n<h3>Comment g\u00e9rer les cookies ?<\/h3>\n<p>Vous pouvez ajuster vos pr\u00e9f\u00e9rences en mati\u00e8re de cookies ou les d\u00e9sactiver \u00e0 tout moment via les param\u00e8tres de votre navigateur. Gardez \u00e0 l&rsquo;esprit que la d\u00e9sactivation de certains cookies peut affecter le fonctionnement de notre site Web et limiter certaines fonctionnalit\u00e9s.<\/p>\n<h3>Modifications de notre politique en mati\u00e8re de cookies<\/h3>\n<p>Nous pouvons mettre \u00e0 jour cette politique en mati\u00e8re de cookies de temps \u00e0 autre pour l&rsquo;adapter \u00e0 la r\u00e9glementation en vigueur ou am\u00e9liorer votre exp\u00e9rience. Nous vous recommandons de consulter cette page p\u00e9riodiquement pour \u00eatre inform\u00e9 de tout changement.<\/p>\n<h3>contact<\/h3>\n<p>Pour toute question sur notre politique de cookies, vous pouvez nous contacter \u00e0 info@torretaolius.com ou consulter notre Politique de Confidentialit\u00e9.<\/p>\n","protected":false},"excerpt":{"rendered":"<p>Derni\u00e8re mise \u00e0 jour&nbsp;: [2025] Bienvenue \u00e0 \u00ab\u00a0La Torreta d&rsquo;Olius\u00a0\u00bb ! Cette politique en mati\u00e8re de cookies explique ce que sont les cookies et comment nous les utilisons sur notre site Web pour vous offrir une exp\u00e9rience plus personnalis\u00e9e et am\u00e9liorer nos services. Que sont les cookies ? Les cookies sont de petits fichiers texte [&hellip;]<\/p>\n","protected":false},"author":1,"featured_media":0,"parent":0,"menu_order":6,"comment_status":"closed","ping_status":"closed","template":"page-legal.php","meta":{"_acf_changed":false,"footnotes":""},"class_list":["post-320","page","type-page","status-publish","hentry"],"acf":[],"yoast_head":"<!-- This site is optimized with the Yoast SEO plugin v24.2 - https:\/\/yoast.com\/wordpress\/plugins\/seo\/ -->\n<title>Politique de cookies - La Torreta d&#039;Olius<\/title>\n<meta name=\"robots\" content=\"index, follow, max-snippet:-1, max-image-preview:large, max-video-preview:-1\" \/>\n<link rel=\"canonical\" href=\"https:\/\/torretaolius.com\/fr\/politique-de-cookies\/\" \/>\n<meta property=\"og:locale\" content=\"fr_FR\" \/>\n<meta property=\"og:type\" content=\"article\" \/>\n<meta property=\"og:title\" content=\"Politique de cookies - La Torreta d&#039;Olius\" \/>\n<meta property=\"og:description\" content=\"Derni\u00e8re mise \u00e0 jour&nbsp;: [2025] Bienvenue \u00e0 \u00ab\u00a0La Torreta d&rsquo;Olius\u00a0\u00bb ! Cette politique en mati\u00e8re de cookies explique ce que sont les cookies et comment nous les utilisons sur notre site Web pour vous offrir une exp\u00e9rience plus personnalis\u00e9e et am\u00e9liorer nos services. Que sont les cookies ? Les cookies sont de petits fichiers texte [&hellip;]\" \/>\n<meta property=\"og:url\" content=\"https:\/\/torretaolius.com\/fr\/politique-de-cookies\/\" \/>\n<meta property=\"og:site_name\" content=\"La Torreta d&#039;Olius\" \/>\n<meta property=\"article:modified_time\" content=\"2024-12-19T17:00:43+00:00\" \/>\n<meta name=\"twitter:card\" content=\"summary_large_image\" \/>\n<meta name=\"twitter:label1\" content=\"Dur\u00e9e de lecture estim\u00e9e\" \/>\n\t<meta name=\"twitter:data1\" content=\"2 minutes\" \/>\n<script type=\"application\/ld+json\" class=\"yoast-schema-graph\">{\"@context\":\"https:\/\/schema.org\",\"@graph\":[{\"@type\":\"WebPage\",\"@id\":\"https:\/\/torretaolius.com\/fr\/politique-de-cookies\/\",\"url\":\"https:\/\/torretaolius.com\/fr\/politique-de-cookies\/\",\"name\":\"Politique de cookies - La Torreta d&#039;Olius\",\"isPartOf\":{\"@id\":\"https:\/\/torretaolius.com\/fr\/#website\"},\"datePublished\":\"2024-10-21T09:44:16+00:00\",\"dateModified\":\"2024-12-19T17:00:43+00:00\",\"breadcrumb\":{\"@id\":\"https:\/\/torretaolius.com\/fr\/politique-de-cookies\/#breadcrumb\"},\"inLanguage\":\"fr-FR\",\"potentialAction\":[{\"@type\":\"ReadAction\",\"target\":[\"https:\/\/torretaolius.com\/fr\/politique-de-cookies\/\"]}]},{\"@type\":\"BreadcrumbList\",\"@id\":\"https:\/\/torretaolius.com\/fr\/politique-de-cookies\/#breadcrumb\",\"itemListElement\":[{\"@type\":\"ListItem\",\"position\":1,\"name\":\"Inici\",\"item\":\"https:\/\/torretaolius.com\/fr\/page-de-garde\/\"},{\"@type\":\"ListItem\",\"position\":2,\"name\":\"Politique de cookies\"}]},{\"@type\":\"WebSite\",\"@id\":\"https:\/\/torretaolius.com\/fr\/#website\",\"url\":\"https:\/\/torretaolius.com\/fr\/\",\"name\":\"La Torreta d'Olius\",\"description\":\"\",\"publisher\":{\"@id\":\"https:\/\/torretaolius.com\/fr\/#organization\"},\"potentialAction\":[{\"@type\":\"SearchAction\",\"target\":{\"@type\":\"EntryPoint\",\"urlTemplate\":\"https:\/\/torretaolius.com\/fr\/?s={search_term_string}\"},\"query-input\":{\"@type\":\"PropertyValueSpecification\",\"valueRequired\":true,\"valueName\":\"search_term_string\"}}],\"inLanguage\":\"fr-FR\"},{\"@type\":\"Organization\",\"@id\":\"https:\/\/torretaolius.com\/fr\/#organization\",\"name\":\"La Torreta d'Olius\",\"url\":\"https:\/\/torretaolius.com\/fr\/\",\"logo\":{\"@type\":\"ImageObject\",\"inLanguage\":\"fr-FR\",\"@id\":\"https:\/\/torretaolius.com\/fr\/#\/schema\/logo\/image\/\",\"url\":\"https:\/\/torretaolius.com\/wp-content\/uploads\/2024\/10\/site-logo-extendedpng.png\",\"contentUrl\":\"https:\/\/torretaolius.com\/wp-content\/uploads\/2024\/10\/site-logo-extendedpng.png\",\"width\":1390,\"height\":1311,\"caption\":\"La Torreta d'Olius\"},\"image\":{\"@id\":\"https:\/\/torretaolius.com\/fr\/#\/schema\/logo\/image\/\"}}]}<\/script>\n<!-- \/ Yoast SEO plugin. -->","yoast_head_json":{"title":"Politique de cookies - La Torreta d&#039;Olius","robots":{"index":"index","follow":"follow","max-snippet":"max-snippet:-1","max-image-preview":"max-image-preview:large","max-video-preview":"max-video-preview:-1"},"canonical":"https:\/\/torretaolius.com\/fr\/politique-de-cookies\/","og_locale":"fr_FR","og_type":"article","og_title":"Politique de cookies - La Torreta d&#039;Olius","og_description":"Derni\u00e8re mise \u00e0 jour&nbsp;: [2025] Bienvenue \u00e0 \u00ab\u00a0La Torreta d&rsquo;Olius\u00a0\u00bb ! Cette politique en mati\u00e8re de cookies explique ce que sont les cookies et comment nous les utilisons sur notre site Web pour vous offrir une exp\u00e9rience plus personnalis\u00e9e et am\u00e9liorer nos services. Que sont les cookies ? Les cookies sont de petits fichiers texte [&hellip;]","og_url":"https:\/\/torretaolius.com\/fr\/politique-de-cookies\/","og_site_name":"La Torreta d&#039;Olius","article_modified_time":"2024-12-19T17:00:43+00:00","twitter_card":"summary_large_image","twitter_misc":{"Dur\u00e9e de lecture estim\u00e9e":"2 minutes"},"schema":{"@context":"https:\/\/schema.org","@graph":[{"@type":"WebPage","@id":"https:\/\/torretaolius.com\/fr\/politique-de-cookies\/","url":"https:\/\/torretaolius.com\/fr\/politique-de-cookies\/","name":"Politique de cookies - La Torreta d&#039;Olius","isPartOf":{"@id":"https:\/\/torretaolius.com\/fr\/#website"},"datePublished":"2024-10-21T09:44:16+00:00","dateModified":"2024-12-19T17:00:43+00:00","breadcrumb":{"@id":"https:\/\/torretaolius.com\/fr\/politique-de-cookies\/#breadcrumb"},"inLanguage":"fr-FR","potentialAction":[{"@type":"ReadAction","target":["https:\/\/torretaolius.com\/fr\/politique-de-cookies\/"]}]},{"@type":"BreadcrumbList","@id":"https:\/\/torretaolius.com\/fr\/politique-de-cookies\/#breadcrumb","itemListElement":[{"@type":"ListItem","position":1,"name":"Inici","item":"https:\/\/torretaolius.com\/fr\/page-de-garde\/"},{"@type":"ListItem","position":2,"name":"Politique de cookies"}]},{"@type":"WebSite","@id":"https:\/\/torretaolius.com\/fr\/#website","url":"https:\/\/torretaolius.com\/fr\/","name":"La Torreta d'Olius","description":"","publisher":{"@id":"https:\/\/torretaolius.com\/fr\/#organization"},"potentialAction":[{"@type":"SearchAction","target":{"@type":"EntryPoint","urlTemplate":"https:\/\/torretaolius.com\/fr\/?s={search_term_string}"},"query-input":{"@type":"PropertyValueSpecification","valueRequired":true,"valueName":"search_term_string"}}],"inLanguage":"fr-FR"},{"@type":"Organization","@id":"https:\/\/torretaolius.com\/fr\/#organization","name":"La Torreta d'Olius","url":"https:\/\/torretaolius.com\/fr\/","logo":{"@type":"ImageObject","inLanguage":"fr-FR","@id":"https:\/\/torretaolius.com\/fr\/#\/schema\/logo\/image\/","url":"https:\/\/torretaolius.com\/wp-content\/uploads\/2024\/10\/site-logo-extendedpng.png","contentUrl":"https:\/\/torretaolius.com\/wp-content\/uploads\/2024\/10\/site-logo-extendedpng.png","width":1390,"height":1311,"caption":"La Torreta d'Olius"},"image":{"@id":"https:\/\/torretaolius.com\/fr\/#\/schema\/logo\/image\/"}}]}},"_links":{"self":[{"href":"https:\/\/torretaolius.com\/fr\/wp-json\/wp\/v2\/pages\/320"}],"collection":[{"href":"https:\/\/torretaolius.com\/fr\/wp-json\/wp\/v2\/pages"}],"about":[{"href":"https:\/\/torretaolius.com\/fr\/wp-json\/wp\/v2\/types\/page"}],"author":[{"embeddable":true,"href":"https:\/\/torretaolius.com\/fr\/wp-json\/wp\/v2\/users\/1"}],"replies":[{"embeddable":true,"href":"https:\/\/torretaolius.com\/fr\/wp-json\/wp\/v2\/comments?post=320"}],"version-history":[{"count":1,"href":"https:\/\/torretaolius.com\/fr\/wp-json\/wp\/v2\/pages\/320\/revisions"}],"predecessor-version":[{"id":380,"href":"https:\/\/torretaolius.com\/fr\/wp-json\/wp\/v2\/pages\/320\/revisions\/380"}],"wp:attachment":[{"href":"https:\/\/torretaolius.com\/fr\/wp-json\/wp\/v2\/media?parent=320"}],"curies":[{"name":"wp","href":"https:\/\/api.w.org\/{rel}","templated":true}]}}