{"id":326,"date":"2024-10-21T11:44:28","date_gmt":"2024-10-21T09:44:28","guid":{"rendered":"http:\/\/torretaolius.com\/politica-de-cancelacion\/"},"modified":"2024-10-21T11:44:28","modified_gmt":"2024-10-21T09:44:28","slug":"politica-de-cancelacion","status":"publish","type":"page","link":"https:\/\/torretaolius.com\/es\/politica-de-cancelacion\/","title":{"rendered":"Pol\u00edtica de cancelaci\u00f3n"},"content":{"rendered":"<p>\u00daltima actualizaci\u00f3n:  [2025]<\/p>\n<p>En \u201cLa Torreta d&#8217;Olius\u201d entendemos que pueden surgir imprevistos y que, en ocasiones, es necesario cancelar o modificar una reserva. Nuestra pol\u00edtica de cancelaci\u00f3n est\u00e1 dise\u00f1ada para ser justa tanto para t\u00ed como para nosotros.<\/p>\n<h3>1. Cancelaci\u00f3n gratuita<\/h3>\n<ul>\n<li><strong>Cancelaciones hasta 15 d\u00edas antes de la llegada<\/strong> : Puedes cancelar tu reserva sin coste alguno hasta 15 d\u00edas antes de la fecha de llegada.<\/li>\n<li><strong>Cancelaciones con menos de 15 d\u00edas de antelaci\u00f3n<\/strong> : En este caso, no se reembolsar\u00e1 ning\u00fan importe pero se guardar\u00e1 la paga y se\u00f1al para que pueda venir otro fin de semana durante el a\u00f1o en curso. Caducar\u00e1 a finales del a\u00f1o en curso.<\/li>\n<\/ul>\n<h3>2. No presentaciones<\/h3>\n<p>En caso de no presentarse el d\u00eda de llegada sin previa notificaci\u00f3n, se cobrar\u00e1 el 100% del importe de la reserva.<\/p>\n<h3>3. Cambios de fechas<\/h3>\n<p>Puedes solicitar un cambio de fechas hasta 15 d\u00edas antes de la llegada, siempre sujeto a disponibilidad.<br \/>\nSi el cambio de fechas afecta a una temporada con tarifa diferente, se aplicar\u00e1 la diferencia de precio correspondiente.<\/p>\n<h3>4. Reembolsos<\/h3>\n<p>En caso de cancelaci\u00f3n, los reembolsos se emitir\u00e1n mediante el mismo m\u00e9todo de pago utilizado en la reserva y pueden tardar entre 10 y 15 d\u00edas h\u00e1biles en procesarse.<\/p>\n<h3>5. Contacto por cancelaciones y cambios<\/h3>\n<p>Para cancelar o modificar tu reserva, cont\u00e1ctanos directamente a info@torretaolius.com o llamando v\u00eda whatsapp al 678434301.<\/p>\n","protected":false},"excerpt":{"rendered":"<p>\u00daltima actualizaci\u00f3n: [2025] En \u201cLa Torreta d&#8217;Olius\u201d entendemos que pueden surgir imprevistos y que, en ocasiones, es necesario cancelar o modificar una reserva. Nuestra pol\u00edtica de cancelaci\u00f3n est\u00e1 dise\u00f1ada para ser justa tanto para t\u00ed como para nosotros. 1. Cancelaci\u00f3n gratuita Cancelaciones hasta 15 d\u00edas antes de la llegada : Puedes cancelar tu reserva sin [&hellip;]<\/p>\n","protected":false},"author":1,"featured_media":0,"parent":0,"menu_order":8,"comment_status":"closed","ping_status":"closed","template":"page-legal.php","meta":{"_acf_changed":false,"footnotes":""},"class_list":["post-326","page","type-page","status-publish","hentry"],"acf":[],"yoast_head":"<!-- This site is optimized with the Yoast SEO plugin v24.2 - https:\/\/yoast.com\/wordpress\/plugins\/seo\/ -->\n<title>Pol\u00edtica de cancelaci\u00f3n - La Torreta d&#039;Olius<\/title>\n<meta name=\"robots\" content=\"index, follow, max-snippet:-1, max-image-preview:large, max-video-preview:-1\" \/>\n<link rel=\"canonical\" href=\"https:\/\/torretaolius.com\/es\/politica-de-cancelacion\/\" \/>\n<meta property=\"og:locale\" content=\"es_ES\" \/>\n<meta property=\"og:type\" content=\"article\" \/>\n<meta property=\"og:title\" content=\"Pol\u00edtica de cancelaci\u00f3n - La Torreta d&#039;Olius\" \/>\n<meta property=\"og:description\" content=\"\u00daltima actualizaci\u00f3n: [2025] En \u201cLa Torreta d&#8217;Olius\u201d entendemos que pueden surgir imprevistos y que, en ocasiones, es necesario cancelar o modificar una reserva. Nuestra pol\u00edtica de cancelaci\u00f3n est\u00e1 dise\u00f1ada para ser justa tanto para t\u00ed como para nosotros. 1. Cancelaci\u00f3n gratuita Cancelaciones hasta 15 d\u00edas antes de la llegada : Puedes cancelar tu reserva sin [&hellip;]\" \/>\n<meta property=\"og:url\" content=\"https:\/\/torretaolius.com\/es\/politica-de-cancelacion\/\" \/>\n<meta property=\"og:site_name\" content=\"La Torreta d&#039;Olius\" \/>\n<meta name=\"twitter:card\" content=\"summary_large_image\" \/>\n<meta name=\"twitter:label1\" content=\"Tiempo de lectura\" \/>\n\t<meta name=\"twitter:data1\" content=\"1 minuto\" \/>\n<script type=\"application\/ld+json\" class=\"yoast-schema-graph\">{\"@context\":\"https:\/\/schema.org\",\"@graph\":[{\"@type\":\"WebPage\",\"@id\":\"https:\/\/torretaolius.com\/es\/politica-de-cancelacion\/\",\"url\":\"https:\/\/torretaolius.com\/es\/politica-de-cancelacion\/\",\"name\":\"Pol\u00edtica de cancelaci\u00f3n - La Torreta d&#039;Olius\",\"isPartOf\":{\"@id\":\"https:\/\/torretaolius.com\/es\/#website\"},\"datePublished\":\"2024-10-21T09:44:28+00:00\",\"dateModified\":\"2024-10-21T09:44:28+00:00\",\"breadcrumb\":{\"@id\":\"https:\/\/torretaolius.com\/es\/politica-de-cancelacion\/#breadcrumb\"},\"inLanguage\":\"es\",\"potentialAction\":[{\"@type\":\"ReadAction\",\"target\":[\"https:\/\/torretaolius.com\/es\/politica-de-cancelacion\/\"]}]},{\"@type\":\"BreadcrumbList\",\"@id\":\"https:\/\/torretaolius.com\/es\/politica-de-cancelacion\/#breadcrumb\",\"itemListElement\":[{\"@type\":\"ListItem\",\"position\":1,\"name\":\"Inici\",\"item\":\"https:\/\/torretaolius.com\/es\/portada\/\"},{\"@type\":\"ListItem\",\"position\":2,\"name\":\"Pol\u00edtica de cancelaci\u00f3n\"}]},{\"@type\":\"WebSite\",\"@id\":\"https:\/\/torretaolius.com\/es\/#website\",\"url\":\"https:\/\/torretaolius.com\/es\/\",\"name\":\"La Torreta d'Olius\",\"description\":\"\",\"publisher\":{\"@id\":\"https:\/\/torretaolius.com\/es\/#organization\"},\"potentialAction\":[{\"@type\":\"SearchAction\",\"target\":{\"@type\":\"EntryPoint\",\"urlTemplate\":\"https:\/\/torretaolius.com\/es\/?s={search_term_string}\"},\"query-input\":{\"@type\":\"PropertyValueSpecification\",\"valueRequired\":true,\"valueName\":\"search_term_string\"}}],\"inLanguage\":\"es\"},{\"@type\":\"Organization\",\"@id\":\"https:\/\/torretaolius.com\/es\/#organization\",\"name\":\"La Torreta d'Olius\",\"url\":\"https:\/\/torretaolius.com\/es\/\",\"logo\":{\"@type\":\"ImageObject\",\"inLanguage\":\"es\",\"@id\":\"https:\/\/torretaolius.com\/es\/#\/schema\/logo\/image\/\",\"url\":\"https:\/\/torretaolius.com\/wp-content\/uploads\/2024\/10\/site-logo-extendedpng.png\",\"contentUrl\":\"https:\/\/torretaolius.com\/wp-content\/uploads\/2024\/10\/site-logo-extendedpng.png\",\"width\":1390,\"height\":1311,\"caption\":\"La Torreta d'Olius\"},\"image\":{\"@id\":\"https:\/\/torretaolius.com\/es\/#\/schema\/logo\/image\/\"}}]}<\/script>\n<!-- \/ Yoast SEO plugin. -->","yoast_head_json":{"title":"Pol\u00edtica de cancelaci\u00f3n - La Torreta d&#039;Olius","robots":{"index":"index","follow":"follow","max-snippet":"max-snippet:-1","max-image-preview":"max-image-preview:large","max-video-preview":"max-video-preview:-1"},"canonical":"https:\/\/torretaolius.com\/es\/politica-de-cancelacion\/","og_locale":"es_ES","og_type":"article","og_title":"Pol\u00edtica de cancelaci\u00f3n - La Torreta d&#039;Olius","og_description":"\u00daltima actualizaci\u00f3n: [2025] En \u201cLa Torreta d&#8217;Olius\u201d entendemos que pueden surgir imprevistos y que, en ocasiones, es necesario cancelar o modificar una reserva. Nuestra pol\u00edtica de cancelaci\u00f3n est\u00e1 dise\u00f1ada para ser justa tanto para t\u00ed como para nosotros. 1. Cancelaci\u00f3n gratuita Cancelaciones hasta 15 d\u00edas antes de la llegada : Puedes cancelar tu reserva sin [&hellip;]","og_url":"https:\/\/torretaolius.com\/es\/politica-de-cancelacion\/","og_site_name":"La Torreta d&#039;Olius","twitter_card":"summary_large_image","twitter_misc":{"Tiempo de lectura":"1 minuto"},"schema":{"@context":"https:\/\/schema.org","@graph":[{"@type":"WebPage","@id":"https:\/\/torretaolius.com\/es\/politica-de-cancelacion\/","url":"https:\/\/torretaolius.com\/es\/politica-de-cancelacion\/","name":"Pol\u00edtica de cancelaci\u00f3n - La Torreta d&#039;Olius","isPartOf":{"@id":"https:\/\/torretaolius.com\/es\/#website"},"datePublished":"2024-10-21T09:44:28+00:00","dateModified":"2024-10-21T09:44:28+00:00","breadcrumb":{"@id":"https:\/\/torretaolius.com\/es\/politica-de-cancelacion\/#breadcrumb"},"inLanguage":"es","potentialAction":[{"@type":"ReadAction","target":["https:\/\/torretaolius.com\/es\/politica-de-cancelacion\/"]}]},{"@type":"BreadcrumbList","@id":"https:\/\/torretaolius.com\/es\/politica-de-cancelacion\/#breadcrumb","itemListElement":[{"@type":"ListItem","position":1,"name":"Inici","item":"https:\/\/torretaolius.com\/es\/portada\/"},{"@type":"ListItem","position":2,"name":"Pol\u00edtica de cancelaci\u00f3n"}]},{"@type":"WebSite","@id":"https:\/\/torretaolius.com\/es\/#website","url":"https:\/\/torretaolius.com\/es\/","name":"La Torreta d'Olius","description":"","publisher":{"@id":"https:\/\/torretaolius.com\/es\/#organization"},"potentialAction":[{"@type":"SearchAction","target":{"@type":"EntryPoint","urlTemplate":"https:\/\/torretaolius.com\/es\/?s={search_term_string}"},"query-input":{"@type":"PropertyValueSpecification","valueRequired":true,"valueName":"search_term_string"}}],"inLanguage":"es"},{"@type":"Organization","@id":"https:\/\/torretaolius.com\/es\/#organization","name":"La Torreta d'Olius","url":"https:\/\/torretaolius.com\/es\/","logo":{"@type":"ImageObject","inLanguage":"es","@id":"https:\/\/torretaolius.com\/es\/#\/schema\/logo\/image\/","url":"https:\/\/torretaolius.com\/wp-content\/uploads\/2024\/10\/site-logo-extendedpng.png","contentUrl":"https:\/\/torretaolius.com\/wp-content\/uploads\/2024\/10\/site-logo-extendedpng.png","width":1390,"height":1311,"caption":"La Torreta d'Olius"},"image":{"@id":"https:\/\/torretaolius.com\/es\/#\/schema\/logo\/image\/"}}]}},"_links":{"self":[{"href":"https:\/\/torretaolius.com\/es\/wp-json\/wp\/v2\/pages\/326"}],"collection":[{"href":"https:\/\/torretaolius.com\/es\/wp-json\/wp\/v2\/pages"}],"about":[{"href":"https:\/\/torretaolius.com\/es\/wp-json\/wp\/v2\/types\/page"}],"author":[{"embeddable":true,"href":"https:\/\/torretaolius.com\/es\/wp-json\/wp\/v2\/users\/1"}],"replies":[{"embeddable":true,"href":"https:\/\/torretaolius.com\/es\/wp-json\/wp\/v2\/comments?post=326"}],"version-history":[{"count":0,"href":"https:\/\/torretaolius.com\/es\/wp-json\/wp\/v2\/pages\/326\/revisions"}],"wp:attachment":[{"href":"https:\/\/torretaolius.com\/es\/wp-json\/wp\/v2\/media?parent=326"}],"curies":[{"name":"wp","href":"https:\/\/api.w.org\/{rel}","templated":true}]}}